{"id":27,"date":"2024-01-09T15:18:27","date_gmt":"2024-01-09T15:18:27","guid":{"rendered":"https:\/\/svd81.com\/?page_id=27"},"modified":"2024-02-29T20:12:43","modified_gmt":"2024-02-29T20:12:43","slug":"tarifs","status":"publish","type":"page","link":"https:\/\/svd81.com\/index.php\/tarifs\/","title":{"rendered":"Tarifs"},"content":{"rendered":"\n<figure class=\"wp-block-table alignwide is-style-regular\"><table class=\"has-text-color has-background has-link-color has-border-color has-nv-dark-bg-border-color\" style=\"color:#000000;background:linear-gradient(135deg,rgb(42,46,161) 0%,rgb(134,215,244) 100%);border-style:solid\"><thead><tr><th class=\"has-text-align-left\" data-align=\"left\">PR\u00c9STATIONS<\/th><th class=\"has-text-align-center\" data-align=\"center\">BASIC<\/th><th class=\"has-text-align-center\" data-align=\"center\">STANDARD<\/th><th class=\"has-text-align-center\" data-align=\"center\">PREMIUM<\/th><th class=\"has-text-align-center\" data-align=\"center\">MAGNUM<\/th><\/tr><\/thead><tbody><tr><td class=\"has-text-align-left\" data-align=\"left\">Nombre d&#8217;heures d\u00e9di\u00e9es \u00e0 votre entreprise<\/td><td class=\"has-text-align-center\" data-align=\"center\">2 \u00e0 3<\/td><td class=\"has-text-align-center\" data-align=\"center\">8<\/td><td class=\"has-text-align-center\" data-align=\"center\">15<\/td><td class=\"has-text-align-center\" data-align=\"center\">20<\/td><\/tr><tr><td class=\"has-text-align-left\" data-align=\"left\">R\u00e9seaux Sociaux : Facebook et Instagram<\/td><td class=\"has-text-align-center\" data-align=\"center\"><img loading=\"lazy\" decoding=\"async\" width=\"31\" height=\"31\" class=\"wp-image-88\" style=\"width: 31px;\" src=\"https:\/\/svd81.com\/wp-content\/uploads\/2024\/01\/pngegg-82.png\" alt=\"\" srcset=\"https:\/\/svd81.com\/wp-content\/uploads\/2024\/01\/pngegg-82.png 512w, https:\/\/svd81.com\/wp-content\/uploads\/2024\/01\/pngegg-82-300x300.png 300w, https:\/\/svd81.com\/wp-content\/uploads\/2024\/01\/pngegg-82-150x150.png 150w\" sizes=\"auto, (max-width: 31px) 100vw, 31px\" \/><\/td><td class=\"has-text-align-center\" data-align=\"center\"><img loading=\"lazy\" decoding=\"async\" width=\"30\" height=\"30\" class=\"wp-image-88\" style=\"width: 30px;\" src=\"https:\/\/svd81.com\/wp-content\/uploads\/2024\/01\/pngegg-82.png\" alt=\"\" srcset=\"https:\/\/svd81.com\/wp-content\/uploads\/2024\/01\/pngegg-82.png 512w, https:\/\/svd81.com\/wp-content\/uploads\/2024\/01\/pngegg-82-300x300.png 300w, https:\/\/svd81.com\/wp-content\/uploads\/2024\/01\/pngegg-82-150x150.png 150w\" sizes=\"auto, (max-width: 30px) 100vw, 30px\" \/><\/td><td class=\"has-text-align-center\" data-align=\"center\"><img loading=\"lazy\" decoding=\"async\" width=\"30\" height=\"30\" class=\"wp-image-88\" style=\"width: 30px;\" src=\"https:\/\/svd81.com\/wp-content\/uploads\/2024\/01\/pngegg-82.png\" alt=\"\" srcset=\"https:\/\/svd81.com\/wp-content\/uploads\/2024\/01\/pngegg-82.png 512w, https:\/\/svd81.com\/wp-content\/uploads\/2024\/01\/pngegg-82-300x300.png 300w, https:\/\/svd81.com\/wp-content\/uploads\/2024\/01\/pngegg-82-150x150.png 150w\" sizes=\"auto, (max-width: 30px) 100vw, 30px\" \/><img loading=\"lazy\" decoding=\"async\" width=\"30\" height=\"30\" class=\"wp-image-89\" style=\"width: 30px;\" src=\"https:\/\/svd81.com\/wp-content\/uploads\/2024\/01\/insta.png\" alt=\"\" srcset=\"https:\/\/svd81.com\/wp-content\/uploads\/2024\/01\/insta.png 1000w, https:\/\/svd81.com\/wp-content\/uploads\/2024\/01\/insta-300x300.png 300w, https:\/\/svd81.com\/wp-content\/uploads\/2024\/01\/insta-150x150.png 150w, https:\/\/svd81.com\/wp-content\/uploads\/2024\/01\/insta-768x768.png 768w\" sizes=\"auto, (max-width: 30px) 100vw, 30px\" \/><\/td><td class=\"has-text-align-center\" data-align=\"center\"><img loading=\"lazy\" decoding=\"async\" width=\"30\" height=\"30\" class=\"wp-image-88\" style=\"width: 30px;\" src=\"https:\/\/svd81.com\/wp-content\/uploads\/2024\/01\/pngegg-82.png\" alt=\"\" srcset=\"https:\/\/svd81.com\/wp-content\/uploads\/2024\/01\/pngegg-82.png 512w, https:\/\/svd81.com\/wp-content\/uploads\/2024\/01\/pngegg-82-300x300.png 300w, https:\/\/svd81.com\/wp-content\/uploads\/2024\/01\/pngegg-82-150x150.png 150w\" sizes=\"auto, (max-width: 30px) 100vw, 30px\" \/><img loading=\"lazy\" decoding=\"async\" width=\"30\" height=\"30\" class=\"wp-image-89\" style=\"width: 30px;\" src=\"https:\/\/svd81.com\/wp-content\/uploads\/2024\/01\/insta.png\" alt=\"\" srcset=\"https:\/\/svd81.com\/wp-content\/uploads\/2024\/01\/insta.png 1000w, https:\/\/svd81.com\/wp-content\/uploads\/2024\/01\/insta-300x300.png 300w, https:\/\/svd81.com\/wp-content\/uploads\/2024\/01\/insta-150x150.png 150w, https:\/\/svd81.com\/wp-content\/uploads\/2024\/01\/insta-768x768.png 768w\" sizes=\"auto, (max-width: 30px) 100vw, 30px\" \/><\/td><\/tr><tr><td class=\"has-text-align-left\" data-align=\"left\">Nombre de publications par semaine et par r\u00e9seau social<\/td><td class=\"has-text-align-center\" data-align=\"center\">1<\/td><td class=\"has-text-align-center\" data-align=\"center\">2 \u00e0 3<\/td><td class=\"has-text-align-center\" data-align=\"center\">4 \u00e0 5<\/td><td class=\"has-text-align-center\" data-align=\"center\">7<\/td><\/tr><tr><td class=\"has-text-align-left\" data-align=\"left\">Animation et mod\u00e9ration<\/td><td class=\"has-text-align-center\" data-align=\"center\"><img loading=\"lazy\" decoding=\"async\" width=\"30\" height=\"30\" class=\"wp-image-87\" style=\"width: 30px;\" src=\"https:\/\/svd81.com\/wp-content\/uploads\/2024\/01\/check-ok-non-1-e1705476083510.png\" alt=\"\" srcset=\"https:\/\/svd81.com\/wp-content\/uploads\/2024\/01\/check-ok-non-1-e1705476083510.png 358w, https:\/\/svd81.com\/wp-content\/uploads\/2024\/01\/check-ok-non-1-e1705476083510-300x298.png 300w, https:\/\/svd81.com\/wp-content\/uploads\/2024\/01\/check-ok-non-1-e1705476083510-150x150.png 150w\" sizes=\"auto, (max-width: 30px) 100vw, 30px\" \/><\/td><td class=\"has-text-align-center\" data-align=\"center\"><img loading=\"lazy\" decoding=\"async\" width=\"30\" height=\"30\" class=\"wp-image-87\" style=\"width: 30px;\" src=\"https:\/\/svd81.com\/wp-content\/uploads\/2024\/01\/check-ok-non-1-e1705476083510.png\" alt=\"\" srcset=\"https:\/\/svd81.com\/wp-content\/uploads\/2024\/01\/check-ok-non-1-e1705476083510.png 358w, https:\/\/svd81.com\/wp-content\/uploads\/2024\/01\/check-ok-non-1-e1705476083510-300x298.png 300w, https:\/\/svd81.com\/wp-content\/uploads\/2024\/01\/check-ok-non-1-e1705476083510-150x150.png 150w\" sizes=\"auto, (max-width: 30px) 100vw, 30px\" \/><\/td><td class=\"has-text-align-center\" data-align=\"center\"><img loading=\"lazy\" decoding=\"async\" width=\"30\" height=\"30\" class=\"wp-image-87\" style=\"width: 30px;\" src=\"https:\/\/svd81.com\/wp-content\/uploads\/2024\/01\/check-ok-non-1-e1705476083510.png\" alt=\"\" srcset=\"https:\/\/svd81.com\/wp-content\/uploads\/2024\/01\/check-ok-non-1-e1705476083510.png 358w, https:\/\/svd81.com\/wp-content\/uploads\/2024\/01\/check-ok-non-1-e1705476083510-300x298.png 300w, https:\/\/svd81.com\/wp-content\/uploads\/2024\/01\/check-ok-non-1-e1705476083510-150x150.png 150w\" sizes=\"auto, (max-width: 30px) 100vw, 30px\" \/><\/td><td class=\"has-text-align-center\" data-align=\"center\"><img loading=\"lazy\" decoding=\"async\" width=\"30\" height=\"30\" class=\"wp-image-87\" style=\"width: 30px;\" src=\"https:\/\/svd81.com\/wp-content\/uploads\/2024\/01\/check-ok-non-1-e1705476083510.png\" alt=\"\" srcset=\"https:\/\/svd81.com\/wp-content\/uploads\/2024\/01\/check-ok-non-1-e1705476083510.png 358w, https:\/\/svd81.com\/wp-content\/uploads\/2024\/01\/check-ok-non-1-e1705476083510-300x298.png 300w, https:\/\/svd81.com\/wp-content\/uploads\/2024\/01\/check-ok-non-1-e1705476083510-150x150.png 150w\" sizes=\"auto, (max-width: 30px) 100vw, 30px\" \/><\/td><\/tr><tr><td class=\"has-text-align-left\" data-align=\"left\">Mise en ligne et partage de vos visuels d\u2019entreprise (vid\u00e9o, photo)<\/td><td class=\"has-text-align-center\" data-align=\"center\"><img loading=\"lazy\" decoding=\"async\" width=\"30\" height=\"30\" class=\"wp-image-87\" style=\"width: 30px;\" src=\"https:\/\/svd81.com\/wp-content\/uploads\/2024\/01\/check-ok-non-1-e1705476083510.png\" alt=\"\" srcset=\"https:\/\/svd81.com\/wp-content\/uploads\/2024\/01\/check-ok-non-1-e1705476083510.png 358w, https:\/\/svd81.com\/wp-content\/uploads\/2024\/01\/check-ok-non-1-e1705476083510-300x298.png 300w, https:\/\/svd81.com\/wp-content\/uploads\/2024\/01\/check-ok-non-1-e1705476083510-150x150.png 150w\" sizes=\"auto, (max-width: 30px) 100vw, 30px\" \/><\/td><td class=\"has-text-align-center\" data-align=\"center\"><img loading=\"lazy\" decoding=\"async\" width=\"30\" height=\"30\" class=\"wp-image-87\" style=\"width: 30px;\" src=\"https:\/\/svd81.com\/wp-content\/uploads\/2024\/01\/check-ok-non-1-e1705476083510.png\" alt=\"\" srcset=\"https:\/\/svd81.com\/wp-content\/uploads\/2024\/01\/check-ok-non-1-e1705476083510.png 358w, https:\/\/svd81.com\/wp-content\/uploads\/2024\/01\/check-ok-non-1-e1705476083510-300x298.png 300w, https:\/\/svd81.com\/wp-content\/uploads\/2024\/01\/check-ok-non-1-e1705476083510-150x150.png 150w\" sizes=\"auto, (max-width: 30px) 100vw, 30px\" \/><\/td><td class=\"has-text-align-center\" data-align=\"center\"><img loading=\"lazy\" decoding=\"async\" width=\"30\" height=\"30\" class=\"wp-image-87\" style=\"width: 30px;\" src=\"https:\/\/svd81.com\/wp-content\/uploads\/2024\/01\/check-ok-non-1-e1705476083510.png\" alt=\"\" srcset=\"https:\/\/svd81.com\/wp-content\/uploads\/2024\/01\/check-ok-non-1-e1705476083510.png 358w, https:\/\/svd81.com\/wp-content\/uploads\/2024\/01\/check-ok-non-1-e1705476083510-300x298.png 300w, https:\/\/svd81.com\/wp-content\/uploads\/2024\/01\/check-ok-non-1-e1705476083510-150x150.png 150w\" sizes=\"auto, (max-width: 30px) 100vw, 30px\" \/><\/td><td class=\"has-text-align-center\" data-align=\"center\"><img loading=\"lazy\" decoding=\"async\" width=\"30\" height=\"30\" class=\"wp-image-87\" style=\"width: 30px;\" src=\"https:\/\/svd81.com\/wp-content\/uploads\/2024\/01\/check-ok-non-1-e1705476083510.png\" alt=\"\" srcset=\"https:\/\/svd81.com\/wp-content\/uploads\/2024\/01\/check-ok-non-1-e1705476083510.png 358w, https:\/\/svd81.com\/wp-content\/uploads\/2024\/01\/check-ok-non-1-e1705476083510-300x298.png 300w, https:\/\/svd81.com\/wp-content\/uploads\/2024\/01\/check-ok-non-1-e1705476083510-150x150.png 150w\" sizes=\"auto, (max-width: 30px) 100vw, 30px\" \/><\/td><\/tr><tr><td class=\"has-text-align-left\" data-align=\"left\">Gestion des contacts et relais des messages priv\u00e9s<\/td><td class=\"has-text-align-center\" data-align=\"center\"><img loading=\"lazy\" decoding=\"async\" width=\"30\" height=\"31\" class=\"wp-image-86\" style=\"width: 30px;\" src=\"https:\/\/svd81.com\/wp-content\/uploads\/2024\/01\/check-ok-non-e1705476048149.png\" alt=\"\" srcset=\"https:\/\/svd81.com\/wp-content\/uploads\/2024\/01\/check-ok-non-e1705476048149.png 354w, https:\/\/svd81.com\/wp-content\/uploads\/2024\/01\/check-ok-non-e1705476048149-294x300.png 294w, https:\/\/svd81.com\/wp-content\/uploads\/2024\/01\/check-ok-non-e1705476048149-150x150.png 150w\" sizes=\"auto, (max-width: 30px) 100vw, 30px\" \/><\/td><td class=\"has-text-align-center\" data-align=\"center\"><img loading=\"lazy\" decoding=\"async\" width=\"30\" height=\"30\" class=\"wp-image-87\" style=\"width: 30px;\" src=\"https:\/\/svd81.com\/wp-content\/uploads\/2024\/01\/check-ok-non-1-e1705476083510.png\" alt=\"\" srcset=\"https:\/\/svd81.com\/wp-content\/uploads\/2024\/01\/check-ok-non-1-e1705476083510.png 358w, https:\/\/svd81.com\/wp-content\/uploads\/2024\/01\/check-ok-non-1-e1705476083510-300x298.png 300w, https:\/\/svd81.com\/wp-content\/uploads\/2024\/01\/check-ok-non-1-e1705476083510-150x150.png 150w\" sizes=\"auto, (max-width: 30px) 100vw, 30px\" \/><\/td><td class=\"has-text-align-center\" data-align=\"center\"><img loading=\"lazy\" decoding=\"async\" width=\"30\" height=\"30\" class=\"wp-image-87\" style=\"width: 30px;\" src=\"https:\/\/svd81.com\/wp-content\/uploads\/2024\/01\/check-ok-non-1-e1705476083510.png\" alt=\"\" srcset=\"https:\/\/svd81.com\/wp-content\/uploads\/2024\/01\/check-ok-non-1-e1705476083510.png 358w, https:\/\/svd81.com\/wp-content\/uploads\/2024\/01\/check-ok-non-1-e1705476083510-300x298.png 300w, https:\/\/svd81.com\/wp-content\/uploads\/2024\/01\/check-ok-non-1-e1705476083510-150x150.png 150w\" sizes=\"auto, (max-width: 30px) 100vw, 30px\" \/><\/td><td class=\"has-text-align-center\" data-align=\"center\"><img loading=\"lazy\" decoding=\"async\" width=\"30\" height=\"30\" class=\"wp-image-87\" style=\"width: 30px;\" src=\"https:\/\/svd81.com\/wp-content\/uploads\/2024\/01\/check-ok-non-1-e1705476083510.png\" alt=\"\" srcset=\"https:\/\/svd81.com\/wp-content\/uploads\/2024\/01\/check-ok-non-1-e1705476083510.png 358w, https:\/\/svd81.com\/wp-content\/uploads\/2024\/01\/check-ok-non-1-e1705476083510-300x298.png 300w, https:\/\/svd81.com\/wp-content\/uploads\/2024\/01\/check-ok-non-1-e1705476083510-150x150.png 150w\" sizes=\"auto, (max-width: 30px) 100vw, 30px\" \/><\/td><\/tr><tr><td class=\"has-text-align-left\" data-align=\"left\">Fr\u00e9quence des bilans et rapports&nbsp; de veille e-R\u00e9putation&nbsp;<\/td><td class=\"has-text-align-center\" data-align=\"center\">Annuel<\/td><td class=\"has-text-align-center\" data-align=\"center\">Semestriel<\/td><td class=\"has-text-align-center\" data-align=\"center\">Trimestriel<\/td><td class=\"has-text-align-center\" data-align=\"center\">Mensuel<\/td><\/tr><tr><td class=\"has-text-align-left\" data-align=\"left\">Nombre de sondages par an<\/td><td class=\"has-text-align-center\" data-align=\"center\"><img loading=\"lazy\" decoding=\"async\" width=\"30\" height=\"31\" class=\"wp-image-86\" style=\"width: 30px;\" src=\"https:\/\/svd81.com\/wp-content\/uploads\/2024\/01\/check-ok-non-e1705476048149.png\" alt=\"\" srcset=\"https:\/\/svd81.com\/wp-content\/uploads\/2024\/01\/check-ok-non-e1705476048149.png 354w, https:\/\/svd81.com\/wp-content\/uploads\/2024\/01\/check-ok-non-e1705476048149-294x300.png 294w, https:\/\/svd81.com\/wp-content\/uploads\/2024\/01\/check-ok-non-e1705476048149-150x150.png 150w\" sizes=\"auto, (max-width: 30px) 100vw, 30px\" \/><\/td><td class=\"has-text-align-center\" data-align=\"center\">1<\/td><td class=\"has-text-align-center\" data-align=\"center\">1<\/td><td class=\"has-text-align-center\" data-align=\"center\">2<\/td><\/tr><tr><td class=\"has-text-align-left\" data-align=\"left\">R\u00e9daction d\u2019articles<\/td><td class=\"has-text-align-center\" data-align=\"center\"><img loading=\"lazy\" decoding=\"async\" width=\"30\" height=\"31\" class=\"wp-image-86\" style=\"width: 30px;\" src=\"https:\/\/svd81.com\/wp-content\/uploads\/2024\/01\/check-ok-non-e1705476048149.png\" alt=\"\" srcset=\"https:\/\/svd81.com\/wp-content\/uploads\/2024\/01\/check-ok-non-e1705476048149.png 354w, https:\/\/svd81.com\/wp-content\/uploads\/2024\/01\/check-ok-non-e1705476048149-294x300.png 294w, https:\/\/svd81.com\/wp-content\/uploads\/2024\/01\/check-ok-non-e1705476048149-150x150.png 150w\" sizes=\"auto, (max-width: 30px) 100vw, 30px\" \/><\/td><td class=\"has-text-align-center\" data-align=\"center\"><img loading=\"lazy\" decoding=\"async\" width=\"30\" height=\"31\" class=\"wp-image-86\" style=\"width: 30px;\" src=\"https:\/\/svd81.com\/wp-content\/uploads\/2024\/01\/check-ok-non-e1705476048149.png\" alt=\"\" srcset=\"https:\/\/svd81.com\/wp-content\/uploads\/2024\/01\/check-ok-non-e1705476048149.png 354w, https:\/\/svd81.com\/wp-content\/uploads\/2024\/01\/check-ok-non-e1705476048149-294x300.png 294w, https:\/\/svd81.com\/wp-content\/uploads\/2024\/01\/check-ok-non-e1705476048149-150x150.png 150w\" sizes=\"auto, (max-width: 30px) 100vw, 30px\" \/><\/td><td class=\"has-text-align-center\" data-align=\"center\"><img loading=\"lazy\" decoding=\"async\" width=\"30\" height=\"30\" class=\"wp-image-87\" style=\"width: 30px;\" src=\"https:\/\/svd81.com\/wp-content\/uploads\/2024\/01\/check-ok-non-1-e1705476083510.png\" alt=\"\" srcset=\"https:\/\/svd81.com\/wp-content\/uploads\/2024\/01\/check-ok-non-1-e1705476083510.png 358w, https:\/\/svd81.com\/wp-content\/uploads\/2024\/01\/check-ok-non-1-e1705476083510-300x298.png 300w, https:\/\/svd81.com\/wp-content\/uploads\/2024\/01\/check-ok-non-1-e1705476083510-150x150.png 150w\" sizes=\"auto, (max-width: 30px) 100vw, 30px\" \/><\/td><td class=\"has-text-align-center\" data-align=\"center\"><img loading=\"lazy\" decoding=\"async\" width=\"30\" height=\"30\" class=\"wp-image-87\" style=\"width: 30px;\" src=\"https:\/\/svd81.com\/wp-content\/uploads\/2024\/01\/check-ok-non-1-e1705476083510.png\" alt=\"\" srcset=\"https:\/\/svd81.com\/wp-content\/uploads\/2024\/01\/check-ok-non-1-e1705476083510.png 358w, https:\/\/svd81.com\/wp-content\/uploads\/2024\/01\/check-ok-non-1-e1705476083510-300x298.png 300w, https:\/\/svd81.com\/wp-content\/uploads\/2024\/01\/check-ok-non-1-e1705476083510-150x150.png 150w\" sizes=\"auto, (max-width: 30px) 100vw, 30px\" \/><\/td><\/tr><tr><td class=\"has-text-align-left\" data-align=\"left\">Nombre de Jeux-concours organis\u00e9s par an<\/td><td class=\"has-text-align-center\" data-align=\"center\"><img loading=\"lazy\" decoding=\"async\" width=\"30\" height=\"31\" class=\"wp-image-86\" style=\"width: 30px;\" src=\"https:\/\/svd81.com\/wp-content\/uploads\/2024\/01\/check-ok-non-e1705476048149.png\" alt=\"\" srcset=\"https:\/\/svd81.com\/wp-content\/uploads\/2024\/01\/check-ok-non-e1705476048149.png 354w, https:\/\/svd81.com\/wp-content\/uploads\/2024\/01\/check-ok-non-e1705476048149-294x300.png 294w, https:\/\/svd81.com\/wp-content\/uploads\/2024\/01\/check-ok-non-e1705476048149-150x150.png 150w\" sizes=\"auto, (max-width: 30px) 100vw, 30px\" \/><\/td><td class=\"has-text-align-center\" data-align=\"center\"><img loading=\"lazy\" decoding=\"async\" width=\"30\" height=\"31\" class=\"wp-image-86\" style=\"width: 30px;\" src=\"https:\/\/svd81.com\/wp-content\/uploads\/2024\/01\/check-ok-non-e1705476048149.png\" alt=\"\" srcset=\"https:\/\/svd81.com\/wp-content\/uploads\/2024\/01\/check-ok-non-e1705476048149.png 354w, https:\/\/svd81.com\/wp-content\/uploads\/2024\/01\/check-ok-non-e1705476048149-294x300.png 294w, https:\/\/svd81.com\/wp-content\/uploads\/2024\/01\/check-ok-non-e1705476048149-150x150.png 150w\" sizes=\"auto, (max-width: 30px) 100vw, 30px\" \/><\/td><td class=\"has-text-align-center\" data-align=\"center\">1<\/td><td class=\"has-text-align-center\" data-align=\"center\">1 \u00e0 2<\/td><\/tr><tr><td class=\"has-text-align-left\" data-align=\"left\">Montant offert de publication mensuelle sponsoris\u00e9e<\/td><td class=\"has-text-align-center\" data-align=\"center\"><img loading=\"lazy\" decoding=\"async\" width=\"30\" height=\"31\" class=\"wp-image-86\" style=\"width: 30px;\" src=\"https:\/\/svd81.com\/wp-content\/uploads\/2024\/01\/check-ok-non-e1705476048149.png\" alt=\"\" srcset=\"https:\/\/svd81.com\/wp-content\/uploads\/2024\/01\/check-ok-non-e1705476048149.png 354w, https:\/\/svd81.com\/wp-content\/uploads\/2024\/01\/check-ok-non-e1705476048149-294x300.png 294w, https:\/\/svd81.com\/wp-content\/uploads\/2024\/01\/check-ok-non-e1705476048149-150x150.png 150w\" sizes=\"auto, (max-width: 30px) 100vw, 30px\" \/><\/td><td class=\"has-text-align-center\" data-align=\"center\">5\u20ac,<sub>00<\/sub><\/td><td class=\"has-text-align-center\" data-align=\"center\">10\u20ac,<sub>00<\/sub><\/td><td class=\"has-text-align-center\" data-align=\"center\">15\u20ac,<sub>00<\/sub><\/td><\/tr><tr><td class=\"has-text-align-left\" data-align=\"left\">Prix mensuel sans engagement <\/td><td class=\"has-text-align-center\" data-align=\"center\"><strong><mark style=\"background-color:rgba(0, 0, 0, 0);color:#2a1595\" class=\"has-inline-color\">200\u20ac,<sub>00<\/sub><\/mark><\/strong><\/td><td class=\"has-text-align-center\" data-align=\"center\"><mark style=\"background-color:rgba(0, 0, 0, 0);color:#2a1595\" class=\"has-inline-color\"><strong>300\u20ac,<sub>00<\/sub><\/strong><\/mark><\/td><td class=\"has-text-align-center\" data-align=\"center\"><strong><mark style=\"background-color:rgba(0, 0, 0, 0);color:#2a1595\" class=\"has-inline-color\">375\u20ac,<sub>00<\/sub><\/mark><\/strong><\/td><td class=\"has-text-align-center\" data-align=\"center\"><strong><mark style=\"background-color:rgba(0, 0, 0, 0);color:#2a1595\" class=\"has-inline-color\">550\u20ac,<sub>00<\/sub><\/mark><\/strong><\/td><\/tr><tr><td class=\"has-text-align-left\" data-align=\"left\">Prix mensuel avec engagement d\u2019un an (-10&nbsp;% )<\/td><td class=\"has-text-align-center\" data-align=\"center\"><strong><mark style=\"background-color:#f4eb2b;color:#f70000\" class=\"has-inline-color\">180\u20ac,<sub>00<\/sub><\/mark><\/strong><\/td><td class=\"has-text-align-center\" data-align=\"center\"><mark style=\"background-color:#f4eb2b;color:#f70000\" class=\"has-inline-color\"><strong>270\u20ac,<sub>00<\/sub><\/strong><\/mark><\/td><td class=\"has-text-align-center\" data-align=\"center\"><strong><mark style=\"background-color:#f4eb2b;color:#f70000\" class=\"has-inline-color\">337\u20ac,<sub>50<\/sub><\/mark><\/strong><\/td><td class=\"has-text-align-center\" data-align=\"center\"><strong><mark style=\"background-color:#f4eb2b;color:#f70000\" class=\"has-inline-color\">495\u20ac,<sub>00<\/sub><\/mark><\/strong><\/td><\/tr><\/tbody><\/table><\/figure>\n\n\n\n<p class=\"has-text-align-center\"><mark style=\"background-color:#4293b1;color:#000000\" class=\"has-inline-color\"><strong>Les tarifs et les prestations peuvent \u00eatre ajust\u00e9s en fonction de vos exigences<\/strong><\/mark><\/p>\n","protected":false},"excerpt":{"rendered":"<p>PR\u00c9STATIONS BASIC STANDARD PREMIUM MAGNUM Nombre d&#8217;heures d\u00e9di\u00e9es \u00e0 votre entreprise 2 \u00e0 3 8 15 20 R\u00e9seaux Sociaux : Facebook et Instagram Nombre de publications par semaine et par r\u00e9seau social 1 2 \u00e0 3 4 \u00e0 5 7 Animation et mod\u00e9ration Mise en ligne et partage de vos visuels d\u2019entreprise (vid\u00e9o, photo) Gestion&hellip;&nbsp;<a href=\"https:\/\/svd81.com\/index.php\/tarifs\/\" class=\"\" rel=\"bookmark\">Lire la suite &raquo;<span class=\"screen-reader-text\">Tarifs<\/span><\/a><\/p>\n","protected":false},"author":1,"featured_media":0,"parent":0,"menu_order":0,"comment_status":"closed","ping_status":"closed","template":"","meta":{"neve_meta_sidebar":"","neve_meta_container":"full-width","neve_meta_enable_content_width":"","neve_meta_content_width":0,"neve_meta_title_alignment":"","neve_meta_author_avatar":"","neve_post_elements_order":"","neve_meta_disable_header":"","neve_meta_disable_footer":"","neve_meta_disable_title":"","_themeisle_gutenberg_block_has_review":false,"footnotes":""},"class_list":["post-27","page","type-page","status-publish","hentry"],"_links":{"self":[{"href":"https:\/\/svd81.com\/index.php\/wp-json\/wp\/v2\/pages\/27","targetHints":{"allow":["GET"]}}],"collection":[{"href":"https:\/\/svd81.com\/index.php\/wp-json\/wp\/v2\/pages"}],"about":[{"href":"https:\/\/svd81.com\/index.php\/wp-json\/wp\/v2\/types\/page"}],"author":[{"embeddable":true,"href":"https:\/\/svd81.com\/index.php\/wp-json\/wp\/v2\/users\/1"}],"replies":[{"embeddable":true,"href":"https:\/\/svd81.com\/index.php\/wp-json\/wp\/v2\/comments?post=27"}],"version-history":[{"count":8,"href":"https:\/\/svd81.com\/index.php\/wp-json\/wp\/v2\/pages\/27\/revisions"}],"predecessor-version":[{"id":678,"href":"https:\/\/svd81.com\/index.php\/wp-json\/wp\/v2\/pages\/27\/revisions\/678"}],"wp:attachment":[{"href":"https:\/\/svd81.com\/index.php\/wp-json\/wp\/v2\/media?parent=27"}],"curies":[{"name":"wp","href":"https:\/\/api.w.org\/{rel}","templated":true}]}}