{"id":639,"date":"2024-02-15T14:12:01","date_gmt":"2024-02-15T14:12:01","guid":{"rendered":"https:\/\/svd81.com\/index.php\/sinscrire\/"},"modified":"2024-02-15T14:12:01","modified_gmt":"2024-02-15T14:12:01","slug":"sinscrire","status":"publish","type":"page","link":"https:\/\/svd81.com\/index.php\/sinscrire\/","title":{"rendered":"S\u2019inscrire"},"content":{"rendered":"\n<div class=\"wpum-template wpum-form wpum-registration-form\">\n\n\t\n\t<form action=\"\/index.php\/wp-json\/wp\/v2\/pages\/639\" method=\"post\" id=\"wpum-submit-registration-form\" enctype=\"multipart\/form-data\">\n\n\t\t\n\t\t\t\n<fieldset  class=\"fieldset-user_email\" >\n\n\n\t\t\t\t\t<label for=\"user_email\">\n\t\t\t\tEmail\t\t\t\t\t\t\t\t\t<span class=\"wpum-required\">*<\/span>\n\t\t\t\t\t\t\t<\/label>\n\t\t\t\t<div class=\"field required-field\">\n\t\t\t\n<input\n\ttype=\"email\"\n\tclass=\"input-email\"\n\tname=\"user_email\"\n\t\tid=\"user_email\"\n\tplaceholder=\"\"\n\tvalue=\"\"\n\tmaxlength=\"\"\n\trequired\t\/>\n\t\t<\/div>\n\n\t\n<\/fieldset>\n\n\t\t\n\t\t\t\n<fieldset  class=\"fieldset-robo\" >\n\n\n\t\t\t\t\t<label for=\"robo\">\n\t\t\t\tSi vous \u00eates humain, laissez cette case vide\u00a0:\t\t\t\t\t\t\t<\/label>\n\t\t\t\t<div class=\"field \">\n\t\t\t\n<input\n\ttype=\"text\"\n\tclass=\"input-text\"\n\tname=\"robo\"\n\t\tid=\"robo\"\n\tplaceholder=\"\"\n\tvalue=\"\"\n\tmaxlength=\"\"\n\t\t\t\/>\n\t\t<\/div>\n\n\t\n<\/fieldset>\n\n\t\t\n\t\t\t\n<fieldset  class=\"fieldset-user_password\" >\n\n\n\t\t\t\t\t<label for=\"user_password\">\n\t\t\t\tPassword\t\t\t\t\t\t\t\t\t<span class=\"wpum-required\">*<\/span>\n\t\t\t\t\t\t\t<\/label>\n\t\t\t\t<div class=\"field required-field\">\n\t\t\t\n<input type=\"password\" class=\"input-text\"\nname=\"user_password\" id=\"user_password\" placeholder=\"\" value=\"\" maxlength=\"\"\n\t\t\t\t\trequired\t\/>\n\t\t<\/div>\n\n\t\n<\/fieldset>\n\n\t\t\n\t\t\t\n<fieldset  class=\"fieldset-privacy\" >\n\n\n\t\t<label for=\"privacy\">\n\t\t\t<span class=\"field required-field\">\n\t\t\t\t\n<input type=\"checkbox\" class=\"input-checkbox\" name=\"privacy\" id=\"privacy\"  value=\"1\"\n\t\t\t\t\t\t\t\t\t\t\t\t\t\t\t\trequired\/>\n\t<small class=\"description\">J\u2019ai lu et j\u2019accepte la <a href=\"\" target=\"_blank\">politique de confidentialit\u00e9<\/a> et j\u2019autorise \u00ab\u00a0&#8221; \u00e0 collecter et \u00e0 stocker les donn\u00e9es que j\u2019envoie par l\u2019interm\u00e9diaire de ce formulaire.<\/small>\t\t\t<\/span>\n\t\t\t\t\t\t\t\t\t\t<span class=\"wpum-required\">*<\/span>\n\t\t\t\t\t<\/label>\n\n\t\n<\/fieldset>\n\n\t\t\n\t\t<input type=\"hidden\" name=\"wpum_form\" value=\"registration\" \/>\n\t\t<input type=\"hidden\" name=\"step\" value=\"0\" \/>\n\t\t<input type=\"hidden\" id=\"registration_nonce\" name=\"registration_nonce\" value=\"2cf4474b6d\" \/><input type=\"hidden\" name=\"_wp_http_referer\" value=\"\/index.php\/wp-json\/wp\/v2\/pages\/639\" \/>\n\t\t\n\t\t\t\t<input type=\"submit\" name=\"submit_registration\" class=\"button\"\n\t\t\t\tvalue=\"S\u2019inscrire\"\/>\n\n\t<\/form>\n\n\t\n<\/div>\n\n<ul class=\"wpum-action-links\">\n\t\t<li>\n\t\tVous avez d\u00e9j\u00e0 un compte\u00a0? <a href=\"https:\/\/svd81.com\/index.php\/se-connecter\/\">Connectez-vous &raquo;<\/a>\t<\/li>\n\t\t\t\t<li>\n\t\t<a href=\"https:\/\/svd81.com\/index.php\/reinitialisation-du-mot-de-passe\/\">\n\t\t\tMot de passe perdu\u00a0?\t\t<\/a>\n\t<\/li>\n\t<\/ul>\n","protected":false},"excerpt":{"rendered":"","protected":false},"author":1,"featured_media":0,"parent":0,"menu_order":0,"comment_status":"closed","ping_status":"closed","template":"","meta":{"neve_meta_sidebar":"","neve_meta_container":"","neve_meta_enable_content_width":"","neve_meta_content_width":0,"neve_meta_title_alignment":"","neve_meta_author_avatar":"","neve_post_elements_order":"","neve_meta_disable_header":"","neve_meta_disable_footer":"","neve_meta_disable_title":"","_themeisle_gutenberg_block_has_review":false,"footnotes":""},"class_list":["post-639","page","type-page","status-publish","hentry"],"_links":{"self":[{"href":"https:\/\/svd81.com\/index.php\/wp-json\/wp\/v2\/pages\/639","targetHints":{"allow":["GET"]}}],"collection":[{"href":"https:\/\/svd81.com\/index.php\/wp-json\/wp\/v2\/pages"}],"about":[{"href":"https:\/\/svd81.com\/index.php\/wp-json\/wp\/v2\/types\/page"}],"author":[{"embeddable":true,"href":"https:\/\/svd81.com\/index.php\/wp-json\/wp\/v2\/users\/1"}],"replies":[{"embeddable":true,"href":"https:\/\/svd81.com\/index.php\/wp-json\/wp\/v2\/comments?post=639"}],"version-history":[{"count":0,"href":"https:\/\/svd81.com\/index.php\/wp-json\/wp\/v2\/pages\/639\/revisions"}],"wp:attachment":[{"href":"https:\/\/svd81.com\/index.php\/wp-json\/wp\/v2\/media?parent=639"}],"curies":[{"name":"wp","href":"https:\/\/api.w.org\/{rel}","templated":true}]}}